{"id":3994,"date":"2023-10-10T19:00:01","date_gmt":"2023-10-10T17:00:01","guid":{"rendered":"http:\/\/localhost\/wp\/omina\/?post_type=product&#038;p=3994"},"modified":"2023-12-04T17:36:25","modified_gmt":"2023-12-04T16:36:25","slug":"variable-product","status":"publish","type":"product","link":"https:\/\/espacioelectricos.cl\/?product=variable-product","title":{"rendered":"HORNO ELECTRICO HBB 445 SS"},"content":{"rendered":"<h3>HORNO ELECTRICO HBB 445 SS<\/h3>\n<h3>Horno convencional de 60 cm.<br \/>\nen acero inoxidable antihuella<\/h3>\n<div id=\"product-content\">\n<ul>\n<li>3 funciones de cocinado<\/li>\n<li>Capacidad: 72 Litros (Neta)<\/li>\n<li>Frente de Acero inoxidble antihuella<\/li>\n<li>Programador Mec\u00e1nico<\/li>\n<li>5 Alturas de cocinado<\/li>\n<\/ul>\n<h3>Producto fabricado con energ\u00eda renovable<\/h3>\n<p>Este producto ha sido fabricado utilizando energ\u00eda verde en todo su proceso de producci\u00f3n. El compromiso medioambiental de Teka se centra en la utilizaci\u00f3n de fuentes de energ\u00eda renovable en la fabricaci\u00f3n de nuestros productos. De esta manera, ofrecemos un producto m\u00e1s sostenible sin perder su calidad y esencia. La obtenci\u00f3n del Certificado de Energ\u00eda Verde de la CNMV avala el trabajo de nuestras f\u00e1bricas y almacenes en la preservaci\u00f3n del medio ambiente.<\/p>\n<\/div>\n<h3 id=\"product-technical-details-title\" class=\"et_pb_row product-title-section\">Detalles t\u00e9cnicos<\/h3>\n<div id=\"product-features\" class=\"et_pb_section_2\">\n<div class=\"et_pb_row\">\n<div class=\"et_pb_column et_pb_column_4_4\">\n<div id=\"product-features-list\" class=\"list-gray et_pb_module et_pb_text et_pb_text_5 et_pb_bg_layout_light et_pb_text_align_left\">\n<div class=\"et_pb_text_inner\">\n<ul>\n<li>3 funciones de cocinado<\/li>\n<li>Capacidad: 72 Litros (Neta)<\/li>\n<li>Frente de Acero inoxidble antihuella<\/li>\n<li>Programador Mec\u00e1nico<\/li>\n<li>5 Alturas de cocinado<\/li>\n<li>Doble cristal en la puerta<\/li>\n<li>Ventilacip\u00f3n tangencial (autoventilado)<\/li>\n<li>Bandeja Profunda + Parrilla cromada<\/li>\n<li>Contrapuerta full en cristal<\/li>\n<li>Producto Fabricado en Europa<\/li>\n<\/ul>\n<h5 class=\"et_pb_toggle_title\">Medidas interiores<\/h5>\n<div class=\"et_pb_toggle_content clearfix\">\n<ul>\n<li><strong>Altura interior (mm):\u00a0<\/strong>364<\/li>\n<li><strong>Anchura del interior (mm):\u00a0<\/strong>446<\/li>\n<li><strong>Profundidad del interior (mm):\u00a0<\/strong>441<\/li>\n<li><strong>Capacidad neta (litros):\u00a0<\/strong>72<\/li>\n<li><strong>Capacidad bruta (litros):\u00a0<\/strong>75<\/li>\n<\/ul>\n<h5 class=\"et_pb_toggle_title\">Medidas generales<\/h5>\n<div class=\"et_pb_toggle_content clearfix\">\n<ul>\n<li><strong>Altura del producto (mm):\u00a0<\/strong>595<\/li>\n<li><strong>Anchura del producto (mm):\u00a0<\/strong>595<\/li>\n<li><strong>Profundidad del producto (mm):\u00a0<\/strong>537+22<\/li>\n<li><strong>Peso del producto (Kg):\u00a0<\/strong>25<\/li>\n<\/ul>\n<h5 class=\"et_pb_toggle_title\">Caracter\u00edsticas<\/h5>\n<div class=\"et_pb_toggle_content clearfix\">\n<ul>\n<li><strong>Certificados:\u00a0<\/strong>N \/ CE \/ CCA \/ CB \/ EAC\/ GMARK<\/li>\n<li><strong>N\u00famero de cavidades:\u00a0<\/strong>1<\/li>\n<li><strong>Cavidad esmaltada:\u00a0<\/strong>S\u00ed<\/li>\n<li><strong>Temperatura m\u00ednima del regulador (\u00baC):\u00a0<\/strong>50<\/li>\n<li><strong>Temperatura m\u00e1xima del regulador (\u00baC):\u00a0<\/strong>250<\/li>\n<li><strong>Selector de funciones:\u00a0<\/strong>3+0<\/li>\n<li><strong>M\u00e9todo de cocinado:\u00a0<\/strong>3<\/li>\n<li><strong>N\u00ba de memorias:\u00a0<\/strong>0<\/li>\n<li><strong>Funci\u00f3n Grill + bottom:\u00a0<\/strong>S\u00ed<\/li>\n<li><strong>Funci\u00f3n Grill:\u00a0<\/strong>S\u00ed<\/li>\n<li><strong>Funci\u00f3n Bottom:\u00a0<\/strong>S\u00ed<\/li>\n<li><strong>Temporizador:\u00a0<\/strong>S\u00ed<\/li>\n<li><strong>Niveles de gu\u00edas de bandeja:\u00a0<\/strong>5<\/li>\n<\/ul>\n<h5 class=\"et_pb_toggle_title\">Conexi\u00f3n el\u00e9ctrica<\/h5>\n<div class=\"et_pb_toggle_content clearfix\">\n<ul>\n<li><strong>Potencia nominal m\u00e1xima (W):\u00a0<\/strong>2593<\/li>\n<li><strong>Frecuencia (Hz):\u00a0<\/strong>50\/60<\/li>\n<li><strong>Fuente de alimentaci\u00f3n (V):\u00a0<\/strong>220-240<\/li>\n<li><strong>Longitud del cable (cm):\u00a0<\/strong>110<\/li>\n<li><strong>Consumo de la luz interior (W):\u00a0<\/strong>25<\/li>\n<\/ul>\n<h5 class=\"et_pb_toggle_title\">Consumo energ\u00e9tico<\/h5>\n<div class=\"et_pb_toggle_content clearfix\">\n<ul>\n<li><strong>Consumo energ\u00e9tico por ciclo en modo convencional (kWh):\u00a0<\/strong>0.81<\/li>\n<li><strong>Consumo energ\u00e9tico por ciclo en modo de ventilaci\u00f3n forzada (kWh):\u00a0<\/strong>No<\/li>\n<li><strong>Calor inferior (W):\u00a0<\/strong>1150<\/li>\n<li><strong>Grill(W):\u00a0<\/strong>1400<\/li>\n<li><strong>Tradicional (W):\u00a0<\/strong>2550<\/li>\n<li><strong>Motor del ventilador de refrigeraci\u00f3n (W):\u00a0<\/strong>18<\/li>\n<\/ul>\n<h5 class=\"et_pb_toggle_title\">Sistema de seguridad<\/h5>\n<div class=\"et_pb_toggle_content clearfix\">\n<ul>\n<li><strong>Protector de la parrilla:\u00a0<\/strong>S\u00ed<\/li>\n<li><strong>Bandeja con sistema anti-vuelco:\u00a0<\/strong>S\u00ed<\/li>\n<li><strong>Termostato de seguridad:\u00a0<\/strong>S\u00ed<\/li>\n<\/ul>\n<h5 class=\"et_pb_toggle_title\">Sistemas de limpieza<\/h5>\n<div class=\"et_pb_toggle_content clearfix\">\n<ul>\n<li><strong>Acero inoxidable anti-huellas:\u00a0<\/strong>S\u00ed<\/li>\n<li><strong>Esmaltado crystal clean (suave):\u00a0<\/strong>S\u00ed<\/li>\n<\/ul>\n<h5 class=\"et_pb_toggle_title\">Accesorios<\/h5>\n<div class=\"et_pb_toggle_content clearfix\">\n<ul>\n<li><strong>Bandeja profunda (50 mm):\u00a0<\/strong>1<\/li>\n<li><strong>Parrilla est\u00e1ndar:\u00a0<\/strong>1<\/li>\n<li><strong>Plato de microondas:\u00a0<\/strong>0<\/li>\n<\/ul>\n<h5 class=\"et_pb_toggle_title\">Eficiencia energ\u00e9tica<\/h5>\n<div class=\"et_pb_toggle_content clearfix\">\n<ul>\n<li><strong>Clase energ\u00e9tica:\u00a0<\/strong>A<\/li>\n<li><strong>\u00cdndice de eficiencia energ\u00e9tica (EEI):\u00a0<\/strong>95,3<\/li>\n<\/ul>\n<\/div>\n<\/div>\n<\/div>\n<\/div>\n<\/div>\n<\/div>\n<\/div>\n<\/div>\n<\/div>\n<\/div>\n<\/div>\n<\/div>\n<\/div>\n<\/div>\n<div id=\"ref-ean\">\n<div class=\"ref\">REF. 41560320<\/div>\n<div class=\"ref ean\">EAN. 8421152158845<\/div>\n<\/div>\n<div id=\"product-color-price\">\n<div class=\"product-colors\">\n<div>Color:\u00a0<span class=\"current-color\">Inox<\/span><\/div>\n<\/div>\n<\/div>\n","protected":false},"excerpt":{"rendered":"<h3>HORNO ELECTRICO HBB 445 SS<\/h3>\n<h3>Horno convencional de 60 cm.<br \/>\nen acero inoxidable antihuella<\/h3>\n<div id=\"product-content\">\n<ul>\n<li>3 funciones de cocinado<\/li>\n<li>Capacidad: 72 Litros (Neta)<\/li>\n<li>Frente de Acero inoxidble antihuella<\/li>\n<li>Programador Mec\u00e1nico<\/li>\n<li>5 Alturas de cocinado<\/li>\n<\/ul>\n<\/div>\n<div id=\"product-color-price\">\n<div class=\"product-colors\">\n<div>\n<div id=\"ref-ean\">\n<div class=\"ref\">REF. 41560320<\/div>\n<div class=\"ref ean\">EAN. 8421152158845<\/div>\n<\/div>\n<div id=\"product-color-price\">\n<div class=\"product-colors\">\n<div>Color:\u00a0<span class=\"current-color\">Inox<\/span><\/div>\n<\/div>\n<\/div>\n<\/div>\n<\/div>\n<\/div>\n","protected":false},"featured_media":14019,"comment_status":"open","ping_status":"closed","template":"","meta":[],"product_cat":[96],"product_tag":[],"_links":{"self":[{"href":"https:\/\/espacioelectricos.cl\/index.php?rest_route=\/wp\/v2\/product\/3994"}],"collection":[{"href":"https:\/\/espacioelectricos.cl\/index.php?rest_route=\/wp\/v2\/product"}],"about":[{"href":"https:\/\/espacioelectricos.cl\/index.php?rest_route=\/wp\/v2\/types\/product"}],"replies":[{"embeddable":true,"href":"https:\/\/espacioelectricos.cl\/index.php?rest_route=%2Fwp%2Fv2%2Fcomments&post=3994"}],"version-history":[{"count":4,"href":"https:\/\/espacioelectricos.cl\/index.php?rest_route=\/wp\/v2\/product\/3994\/revisions"}],"predecessor-version":[{"id":14296,"href":"https:\/\/espacioelectricos.cl\/index.php?rest_route=\/wp\/v2\/product\/3994\/revisions\/14296"}],"wp:featuredmedia":[{"embeddable":true,"href":"https:\/\/espacioelectricos.cl\/index.php?rest_route=\/wp\/v2\/media\/14019"}],"wp:attachment":[{"href":"https:\/\/espacioelectricos.cl\/index.php?rest_route=%2Fwp%2Fv2%2Fmedia&parent=3994"}],"wp:term":[{"taxonomy":"product_cat","embeddable":true,"href":"https:\/\/espacioelectricos.cl\/index.php?rest_route=%2Fwp%2Fv2%2Fproduct_cat&post=3994"},{"taxonomy":"product_tag","embeddable":true,"href":"https:\/\/espacioelectricos.cl\/index.php?rest_route=%2Fwp%2Fv2%2Fproduct_tag&post=3994"}],"curies":[{"name":"wp","href":"https:\/\/api.w.org\/{rel}","templated":true}]}}