{"id":3932,"date":"2021-06-17T15:33:27","date_gmt":"2021-06-17T15:33:27","guid":{"rendered":"http:\/\/localhost\/wp\/omina\/?post_type=product&#038;p=3932"},"modified":"2023-12-04T17:37:41","modified_gmt":"2023-12-04T16:37:41","slug":"foot-portable-mini-washing-machine","status":"publish","type":"product","link":"https:\/\/espacioelectricos.cl\/?product=foot-portable-mini-washing-machine","title":{"rendered":"Campana TEKA  TL 6310"},"content":{"rendered":"<h3>Campana TEKA TL 6310<br \/>\nCampana Extensible con motor de<br \/>\ndoble turbina en 60 cm<\/h3>\n<div id=\"product-content\">\n<ul>\n<li>Capacidad de extracci\u00f3n m\u00e1xima 756 m\u00b3\/h.<\/li>\n<li>Capacidad de extracci\u00f3n Salida Libre 540 m\u00b3\/h.<\/li>\n<li>2 velocidades<\/li>\n<li>L\u00e1mparas hal\u00f3genas<\/li>\n<li>Frente inox<\/li>\n<\/ul>\n<h3>Crea armon\u00eda en tu cocina<\/h3>\n<p>Diferentes opciones de dise\u00f1o pensadas para encontrar el equilibrio que buscas en tu cocina, acorde a tu estilo de vida.<\/p>\n<h3>Tu campana siempre estar\u00e1 limpia<\/h3>\n<p>Los filtros de 12 capas absorben hasta el 98% de la grasa, contribuyendo a que tu campana est\u00e9 siempre limpia. Adem\u00e1s, los filtros son aptos para lavavajillas.<\/p>\n<h3>M\u00e1xima eficiencia con el menor consumo<\/h3>\n<p>Clasificaci\u00f3n energ\u00e9tica 4A, que conforma el equilibrio perfecto y supone un sustancial ahorro en la factura de la luz.<\/p>\n<h3>Aspiran desde cualquier \u00e1ngulo<\/h3>\n<p>\u00d3ptima capacidad de absorci\u00f3n, para evitar humos y malos olores en tu cocina.<\/p>\n<h3>Iluminaci\u00f3n LED, m\u00e1s potente y responsable con el medioambiente<\/h3>\n<p>Incorpora iluminaci\u00f3n LED, que proporciona una mayor amplitud de la zona de cocinado, adem\u00e1s de reducir el consumo energ\u00e9tico.<\/p>\n<\/div>\n<h3 id=\"product-technical-details-title\" class=\"et_pb_row product-title-section\">Detalles t\u00e9cnicos<\/h3>\n<div id=\"product-features\" class=\"et_pb_section_2\">\n<div class=\"et_pb_row\">\n<div class=\"et_pb_column et_pb_column_4_4\">\n<div id=\"product-features-list\" class=\"list-gray et_pb_module et_pb_text et_pb_text_5 et_pb_bg_layout_light et_pb_text_align_left\">\n<div class=\"et_pb_text_inner\">\n<ul>\n<li>Frente inox<\/li>\n<li>Mandos mec\u00e1nicos<\/li>\n<li>2 l\u00e1mparas hal\u00f3genas<\/li>\n<li>Dos velocidades<\/li>\n<li>Frente extra\u00edble y sustituible<\/li>\n<li>Filtros met\u00e1licos<\/li>\n<li>Motor de doble turbina<\/li>\n<li>V\u00e1lvula antirretorno<\/li>\n<li>Capacidades de extracci\u00f3n(*): min. 233 m3\/h &#8211; m\u00e1x. 332 m3\/h<\/li>\n<li>Potencia sonora(*): min. 56 dBA &#8211; m\u00e1x. 65 dBA<\/li>\n<li>Posibilidad de funcionamiento en recirculaci\u00f3n (filtro C3C)<\/li>\n<li>Clasificaci\u00f3n energ\u00e9tica: E<\/li>\n<li>(*) Reglamento Delegado (UE) n.\u00ba 65\/2014 de la comisi\u00f3n de 1 de octubre de 2013.<\/li>\n<\/ul>\n<h5 class=\"et_pb_toggle_title\">Medidas interiores<\/h5>\n<div class=\"et_pb_toggle_content clearfix\">\n<ul>\n<li><strong>Altura interior (mm):\u00a0<\/strong>181<\/li>\n<\/ul>\n<h5 class=\"et_pb_toggle_title\">Medidas generales<\/h5>\n<div class=\"et_pb_toggle_content clearfix\">\n<ul>\n<li><strong>Altura del producto (mm):\u00a0<\/strong>181<\/li>\n<li><strong>Anchura del producto (mm):\u00a0<\/strong>600<\/li>\n<li><strong>Profundidad del producto (mm):\u00a0<\/strong>304-437<\/li>\n<li><strong>Peso del producto (Kg):\u00a0<\/strong>6,1<\/li>\n<\/ul>\n<h5 class=\"et_pb_toggle_title\">Caracter\u00edsticas<\/h5>\n<div class=\"et_pb_toggle_content clearfix\">\n<ul>\n<li><strong>Certificados:\u00a0<\/strong>CE; CB; Rohs<\/li>\n<li><strong>\u00d8 Salida (mm):\u00a0<\/strong>120<\/li>\n<li><strong>Tipo de luz interior:\u00a0<\/strong>Hal\u00f3gena<\/li>\n<li><strong>Consumo de la luz interior (W):\u00a0<\/strong>6<\/li>\n<li><strong>Enchufe:\u00a0<\/strong>Europlug<\/li>\n<li><strong>Longitud del cable (cm):\u00a0<\/strong>150<\/li>\n<li><strong>Fuente de alimentaci\u00f3n (V):\u00a0<\/strong>230<\/li>\n<li><strong>Frecuencia (Hz):\u00a0<\/strong>50<\/li>\n<li><strong>Potencia total de la campana (W):\u00a0<\/strong>146<\/li>\n<li><strong>N\u00famero de motores:\u00a0<\/strong>1<\/li>\n<li><strong>Potencia del motor (W):\u00a0<\/strong>130<\/li>\n<\/ul>\n<h5 class=\"et_pb_toggle_title\">Accesorios<\/h5>\n<div class=\"et_pb_toggle_content clearfix\">\n<ul>\n<li><strong>V\u00e1lvula antirretorno:\u00a0<\/strong>S\u00ed<\/li>\n<li><strong>Extensi\u00f3n de salida:\u00a0<\/strong>no<\/li>\n<li><strong>Filtro de carb\u00f3n (opcional):\u00a0<\/strong>CNL 1C<\/li>\n<\/ul>\n<h5 class=\"et_pb_toggle_title\">Modelos<\/h5>\n<div class=\"et_pb_toggle_content clearfix\">\n<ul>\n<li><strong>N\u00famero de filtros:\u00a0<\/strong>2<\/li>\n<li><strong>Tipo de filtros:\u00a0<\/strong>Aluminio<\/li>\n<li><strong>Panel de control:\u00a0<\/strong>Mandos mec\u00e1nicos<\/li>\n<li><strong>Iluminaci\u00f3n autom\u00e1tica:\u00a0<\/strong>S\u00ed<\/li>\n<li><strong>N\u00famero de velocidades:\u00a0<\/strong>2<\/li>\n<\/ul>\n<\/div>\n<\/div>\n<\/div>\n<\/div>\n<\/div>\n<\/div>\n<\/div>\n<\/div>\n<\/div>\n<\/div>\n<div id=\"ref-ean\">\n<div class=\"ref\">REF. 40474250<\/div>\n<div class=\"ref ean\">EAN. 8421152145975<\/div>\n<\/div>\n<div id=\"product-color-price\">\n<div class=\"product-colors\">\n<div>Color:\u00a0<span class=\"current-color\">Inox<\/span><\/div>\n<\/div>\n<\/div>\n","protected":false},"excerpt":{"rendered":"<h3>Campana TEKA TL 6310<br \/>\nCampana Extensible con motor de<br \/>\ndoble turbina en 60 cm<\/h3>\n<div id=\"product-content\">\n<ul>\n<li>Capacidad de extracci\u00f3n m\u00e1xima 756 m\u00b3\/h.<\/li>\n<li>Capacidad de extracci\u00f3n Salida Libre 540 m\u00b3\/h.<\/li>\n<li>2 velocidades<\/li>\n<li>L\u00e1mparas hal\u00f3genas<\/li>\n<li>Frente inox<\/li>\n<\/ul>\n<h3>Crea armon\u00eda en tu cocina<\/h3>\n<p>Diferentes opciones de dise\u00f1o pensadas para encontrar el equilibrio que buscas en tu cocina, acorde a tu estilo de vida.<\/p>\n<h3>Tu campana siempre estar\u00e1 limpia<\/h3>\n<p>Los filtros de 12 capas absorben hasta el 98% de la grasa, contribuyendo a que tu campana est\u00e9 siempre limpia. Adem\u00e1s, los filtros son aptos para lavavajillas.<\/p>\n<h3>M\u00e1xima eficiencia con el menor consumo<\/h3>\n<p>Clasificaci\u00f3n energ\u00e9tica 4A, que conforma el equilibrio perfecto y supone un sustancial ahorro en la factura de la luz.<\/p>\n<h3>Aspiran desde cualquier \u00e1ngulo<\/h3>\n<p>\u00d3ptima capacidad de absorci\u00f3n, para evitar humos y malos olores en tu cocina.<\/p>\n<h3>Iluminaci\u00f3n LED, m\u00e1s potente y responsable con el medioambiente<\/h3>\n<p>Incorpora iluminaci\u00f3n LED, que proporciona una mayor amplitud de la zona de cocinado, adem\u00e1s de reducir el consumo energ\u00e9tico.<\/p>\n<\/div>\n<h3 id=\"product-technical-details-title\" class=\"et_pb_row product-title-section\">Detalles t\u00e9cnicos<\/h3>\n<div id=\"product-features\" class=\"et_pb_section_2\">\n<div class=\"et_pb_row\">\n<div class=\"et_pb_column et_pb_column_4_4\">\n<div id=\"product-features-list\" class=\"list-gray et_pb_module et_pb_text et_pb_text_5 et_pb_bg_layout_light et_pb_text_align_left\">\n<div class=\"et_pb_text_inner\">\n<ul>\n<li>Frente inox<\/li>\n<li>Mandos mec\u00e1nicos<\/li>\n<li>2 l\u00e1mparas hal\u00f3genas<\/li>\n<li>Dos velocidades<\/li>\n<li>Frente extra\u00edble y sustituible<\/li>\n<li>Filtros met\u00e1licos<\/li>\n<li>Motor de doble turbina<\/li>\n<li>V\u00e1lvula antirretorno<\/li>\n<li>Capacidades de extracci\u00f3n(*): min. 233 m3\/h &#8211; m\u00e1x. 332 m3\/h<\/li>\n<li>Potencia sonora(*): min. 56 dBA &#8211; m\u00e1x. 65 dBA<\/li>\n<li>Posibilidad de funcionamiento en recirculaci\u00f3n (filtro C3C)<\/li>\n<li>Clasificaci\u00f3n energ\u00e9tica: E<\/li>\n<li>(*) Reglamento Delegado (UE) n.\u00ba 65\/2014 de la comisi\u00f3n de 1 de octubre de 2013.<\/li>\n<\/ul>\n<h5 class=\"et_pb_toggle_title\">Medidas interiores<\/h5>\n<div class=\"et_pb_toggle_content clearfix\">\n<ul>\n<li><strong>Altura interior (mm):\u00a0<\/strong>181<\/li>\n<\/ul>\n<h5 class=\"et_pb_toggle_title\">Medidas generales<\/h5>\n<div class=\"et_pb_toggle_content clearfix\">\n<ul>\n<li><strong>Altura del producto (mm):\u00a0<\/strong>181<\/li>\n<li><strong>Anchura del producto (mm):\u00a0<\/strong>600<\/li>\n<li><strong>Profundidad del producto (mm):\u00a0<\/strong>304-437<\/li>\n<li><strong>Peso del producto (Kg):\u00a0<\/strong>6,1<\/li>\n<\/ul>\n<h5 class=\"et_pb_toggle_title\">Caracter\u00edsticas<\/h5>\n<div class=\"et_pb_toggle_content clearfix\">\n<ul>\n<li><strong>Certificados:\u00a0<\/strong>CE; CB; Rohs<\/li>\n<li><strong>\u00d8 Salida (mm):\u00a0<\/strong>120<\/li>\n<li><strong>Tipo de luz interior:\u00a0<\/strong>Hal\u00f3gena<\/li>\n<li><strong>Consumo de la luz interior (W):\u00a0<\/strong>6<\/li>\n<li><strong>Enchufe:\u00a0<\/strong>Europlug<\/li>\n<li><strong>Longitud del cable (cm):\u00a0<\/strong>150<\/li>\n<li><strong>Fuente de alimentaci\u00f3n (V):\u00a0<\/strong>230<\/li>\n<li><strong>Frecuencia (Hz):\u00a0<\/strong>50<\/li>\n<li><strong>Potencia total de la campana (W):\u00a0<\/strong>146<\/li>\n<li><strong>N\u00famero de motores:\u00a0<\/strong>1<\/li>\n<li><strong>Potencia del motor (W):\u00a0<\/strong>130<\/li>\n<\/ul>\n<h5 class=\"et_pb_toggle_title\">Accesorios<\/h5>\n<div class=\"et_pb_toggle_content clearfix\">\n<ul>\n<li><strong>V\u00e1lvula antirretorno:\u00a0<\/strong>S\u00ed<\/li>\n<li><strong>Extensi\u00f3n de salida:\u00a0<\/strong>no<\/li>\n<li><strong>Filtro de carb\u00f3n (opcional):\u00a0<\/strong>CNL 1C<\/li>\n<\/ul>\n<h5 class=\"et_pb_toggle_title\">Modelos<\/h5>\n<div class=\"et_pb_toggle_content clearfix\">\n<ul>\n<li><strong>N\u00famero de filtros:\u00a0<\/strong>2<\/li>\n<li><strong>Tipo de filtros:\u00a0<\/strong>Aluminio<\/li>\n<li><strong>Panel de control:\u00a0<\/strong>Mandos mec\u00e1nicos<\/li>\n<li><strong>Iluminaci\u00f3n autom\u00e1tica:\u00a0<\/strong>S\u00ed<\/li>\n<li><strong>N\u00famero de velocidades:\u00a0<\/strong>2<\/li>\n<\/ul>\n<\/div>\n<\/div>\n<\/div>\n<\/div>\n<\/div>\n<\/div>\n<\/div>\n<\/div>\n<\/div>\n<\/div>\n<div id=\"ref-ean\">\n<div class=\"ref\">REF. 40474250<\/div>\n<div class=\"ref ean\">EAN. 8421152145975<\/div>\n<\/div>\n<div id=\"product-color-price\">\n<div class=\"product-colors\">\n<div>Color:\u00a0<span class=\"current-color\">Inox<\/span><\/div>\n<\/div>\n<\/div>\n","protected":false},"featured_media":14033,"comment_status":"open","ping_status":"closed","template":"","meta":[],"product_cat":[101],"product_tag":[],"_links":{"self":[{"href":"https:\/\/espacioelectricos.cl\/index.php?rest_route=\/wp\/v2\/product\/3932"}],"collection":[{"href":"https:\/\/espacioelectricos.cl\/index.php?rest_route=\/wp\/v2\/product"}],"about":[{"href":"https:\/\/espacioelectricos.cl\/index.php?rest_route=\/wp\/v2\/types\/product"}],"replies":[{"embeddable":true,"href":"https:\/\/espacioelectricos.cl\/index.php?rest_route=%2Fwp%2Fv2%2Fcomments&post=3932"}],"version-history":[{"count":2,"href":"https:\/\/espacioelectricos.cl\/index.php?rest_route=\/wp\/v2\/product\/3932\/revisions"}],"predecessor-version":[{"id":14034,"href":"https:\/\/espacioelectricos.cl\/index.php?rest_route=\/wp\/v2\/product\/3932\/revisions\/14034"}],"wp:featuredmedia":[{"embeddable":true,"href":"https:\/\/espacioelectricos.cl\/index.php?rest_route=\/wp\/v2\/media\/14033"}],"wp:attachment":[{"href":"https:\/\/espacioelectricos.cl\/index.php?rest_route=%2Fwp%2Fv2%2Fmedia&parent=3932"}],"wp:term":[{"taxonomy":"product_cat","embeddable":true,"href":"https:\/\/espacioelectricos.cl\/index.php?rest_route=%2Fwp%2Fv2%2Fproduct_cat&post=3932"},{"taxonomy":"product_tag","embeddable":true,"href":"https:\/\/espacioelectricos.cl\/index.php?rest_route=%2Fwp%2Fv2%2Fproduct_tag&post=3932"}],"curies":[{"name":"wp","href":"https:\/\/api.w.org\/{rel}","templated":true}]}}