{"id":14220,"date":"2023-10-13T21:23:23","date_gmt":"2023-10-14T00:23:23","guid":{"rendered":"https:\/\/espacioelectricos.cl\/?page_id=14220"},"modified":"2024-07-26T06:42:18","modified_gmt":"2024-07-26T10:42:18","slug":"contactanos","status":"publish","type":"page","link":"https:\/\/espacioelectricos.cl\/?page_id=14220","title":{"rendered":"Contactanos"},"content":{"rendered":"\t\t<div data-elementor-type=\"wp-page\" data-elementor-id=\"14220\" class=\"elementor elementor-14220\" data-elementor-post-type=\"page\">\n\t\t\t\t\t\t\t<div class=\"elementor-element elementor-element-690ba05 e-flex e-con-boxed e-con e-parent\" data-id=\"690ba05\" data-element_type=\"container\" data-settings=\"{&quot;content_width&quot;:&quot;boxed&quot;}\" data-core-v316-plus=\"true\">\n\t\t\t\t\t<div class=\"e-con-inner\">\n\t\t\t\t<div class=\"elementor-element elementor-element-a21241a elementor-widget elementor-widget-heading\" data-id=\"a21241a\" data-element_type=\"widget\" data-widget_type=\"heading.default\">\n\t\t\t\t<div class=\"elementor-widget-container\">\n\t\t\t<style>\/*! elementor - v3.16.0 - 13-09-2023 *\/\n.elementor-heading-title{padding:0;margin:0;line-height:1}.elementor-widget-heading .elementor-heading-title[class*=elementor-size-]>a{color:inherit;font-size:inherit;line-height:inherit}.elementor-widget-heading .elementor-heading-title.elementor-size-small{font-size:15px}.elementor-widget-heading .elementor-heading-title.elementor-size-medium{font-size:19px}.elementor-widget-heading .elementor-heading-title.elementor-size-large{font-size:29px}.elementor-widget-heading .elementor-heading-title.elementor-size-xl{font-size:39px}.elementor-widget-heading .elementor-heading-title.elementor-size-xxl{font-size:59px}<\/style><h2 class=\"elementor-heading-title elementor-size-default\">CONTACTANOS PARA SOLICITAR CUALQUIERA  DE NUESTROS  SERVICIOS<\/h2>\t\t<\/div>\n\t\t\t\t<\/div>\n\t\t\t\t\t<\/div>\n\t\t\t\t<\/div>\n\t\t<div class=\"elementor-element elementor-element-51b29d8 e-flex e-con-boxed e-con e-parent\" data-id=\"51b29d8\" data-element_type=\"container\" data-settings=\"{&quot;background_background&quot;:&quot;classic&quot;,&quot;content_width&quot;:&quot;boxed&quot;}\" data-core-v316-plus=\"true\">\n\t\t\t\t\t<div class=\"e-con-inner\">\n\t\t<div class=\"elementor-element elementor-element-d3e90e4 e-con-full e-flex e-con e-child\" data-id=\"d3e90e4\" data-element_type=\"container\" data-settings=\"{&quot;content_width&quot;:&quot;full&quot;}\">\n\t\t\t\t<div class=\"elementor-element elementor-element-6be9ddc elementor-icon-list--layout-traditional elementor-list-item-link-full_width elementor-widget elementor-widget-icon-list\" data-id=\"6be9ddc\" data-element_type=\"widget\" data-widget_type=\"icon-list.default\">\n\t\t\t\t<div class=\"elementor-widget-container\">\n\t\t\t<link rel=\"stylesheet\" href=\"https:\/\/espacioelectricos.cl\/wp-content\/plugins\/elementor\/assets\/css\/widget-icon-list.min.css\">\t\t<ul class=\"elementor-icon-list-items\">\n\t\t\t\t\t\t\t<li class=\"elementor-icon-list-item\">\n\t\t\t\t\t\t\t\t\t\t\t<span class=\"elementor-icon-list-icon\">\n\t\t\t\t\t\t\t<i aria-hidden=\"true\" class=\"fas fa-map-marker-alt\"><\/i>\t\t\t\t\t\t<\/span>\n\t\t\t\t\t\t\t\t\t\t<span class=\"elementor-icon-list-text\">DIRECCI\u00d3N: ArleguiI # 1109, Galer\u00eda Mercado Plaza, Primer Piso, Local 22, Vi\u00f1a del Mar - Chile.<\/span>\n\t\t\t\t\t\t\t\t\t<\/li>\n\t\t\t\t\t\t\t\t<li class=\"elementor-icon-list-item\">\n\t\t\t\t\t\t\t\t\t\t\t<span class=\"elementor-icon-list-icon\">\n\t\t\t\t\t\t\t<i aria-hidden=\"true\" class=\"fas fa-headset\"><\/i>\t\t\t\t\t\t<\/span>\n\t\t\t\t\t\t\t\t\t\t<span class=\"elementor-icon-list-text\">Horario de Atenci\u00f3n: Lunes a Viernes 9:00am a 18:00Hrs.<\/span>\n\t\t\t\t\t\t\t\t\t<\/li>\n\t\t\t\t\t\t\t\t<li class=\"elementor-icon-list-item\">\n\t\t\t\t\t\t\t\t\t\t\t<span class=\"elementor-icon-list-icon\">\n\t\t\t\t\t\t\t<i aria-hidden=\"true\" class=\"fas fa-store\"><\/i>\t\t\t\t\t\t<\/span>\n\t\t\t\t\t\t\t\t\t\t<span class=\"elementor-icon-list-text\">Horario Oficina: Lunes a Viernes 9:00am a 17:00Hrs<\/span>\n\t\t\t\t\t\t\t\t\t<\/li>\n\t\t\t\t\t\t\t\t<li class=\"elementor-icon-list-item\">\n\t\t\t\t\t\t\t\t\t\t\t<a href=\"https:\/\/api.whatsapp.com\/send?phone=56982031752&#038;text=Hola%20Espacio%20El\u00e9ctrico%20escribo%20porque%20me%20gustar\u00eda%20consultar%20sobre:\" target=\"_blank\">\n\n\t\t\t\t\t\t\t\t\t\t\t\t<span class=\"elementor-icon-list-icon\">\n\t\t\t\t\t\t\t<i aria-hidden=\"true\" class=\"fab fa-whatsapp\"><\/i>\t\t\t\t\t\t<\/span>\n\t\t\t\t\t\t\t\t\t\t<span class=\"elementor-icon-list-text\">Whatsapp: +56 9 8203 1752<\/span>\n\t\t\t\t\t\t\t\t\t\t\t<\/a>\n\t\t\t\t\t\t\t\t\t<\/li>\n\t\t\t\t\t\t\t\t<li class=\"elementor-icon-list-item\">\n\t\t\t\t\t\t\t\t\t\t\t<span class=\"elementor-icon-list-icon\">\n\t\t\t\t\t\t\t<i aria-hidden=\"true\" class=\"fas fa-phone-volume\"><\/i>\t\t\t\t\t\t<\/span>\n\t\t\t\t\t\t\t\t\t\t<span class=\"elementor-icon-list-text\">Horario Oficina: Lunes a Viernes 9:00am a 17:00Hrs<\/span>\n\t\t\t\t\t\t\t\t\t<\/li>\n\t\t\t\t\t\t<\/ul>\n\t\t\t\t<\/div>\n\t\t\t\t<\/div>\n\t\t\t\t<\/div>\n\t\t<div class=\"elementor-element elementor-element-0d91331 e-con-full e-flex e-con e-child\" data-id=\"0d91331\" data-element_type=\"container\" data-settings=\"{&quot;content_width&quot;:&quot;full&quot;}\">\n\t\t\t\t<div class=\"elementor-element elementor-element-59ac4f6 elementor-widget elementor-widget-text-editor\" data-id=\"59ac4f6\" data-element_type=\"widget\" data-widget_type=\"text-editor.default\">\n\t\t\t\t<div class=\"elementor-widget-container\">\n\t\t\t<style>\/*! elementor - v3.16.0 - 13-09-2023 *\/\n.elementor-widget-text-editor.elementor-drop-cap-view-stacked .elementor-drop-cap{background-color:#69727d;color:#fff}.elementor-widget-text-editor.elementor-drop-cap-view-framed .elementor-drop-cap{color:#69727d;border:3px solid;background-color:transparent}.elementor-widget-text-editor:not(.elementor-drop-cap-view-default) .elementor-drop-cap{margin-top:8px}.elementor-widget-text-editor:not(.elementor-drop-cap-view-default) .elementor-drop-cap-letter{width:1em;height:1em}.elementor-widget-text-editor .elementor-drop-cap{float:left;text-align:center;line-height:1;font-size:50px}.elementor-widget-text-editor .elementor-drop-cap-letter{display:inline-block}<\/style>\t\t\t\t<p style=\"text-align: center;\">\n<div class=\"wpcf7 no-js\" id=\"wpcf7-f203-o1\" lang=\"en-US\" dir=\"ltr\">\n<div class=\"screen-reader-response\"><p role=\"status\" aria-live=\"polite\" aria-atomic=\"true\"><\/p> <ul><\/ul><\/div>\n<form action=\"\/index.php?rest_route=%2Fwp%2Fv2%2Fpages%2F14220#wpcf7-f203-o1\" method=\"post\" class=\"wpcf7-form init\" aria-label=\"Contact form\" novalidate=\"novalidate\" data-status=\"init\">\n<div style=\"display: none;\">\n<input type=\"hidden\" name=\"_wpcf7\" value=\"203\" \/>\n<input type=\"hidden\" name=\"_wpcf7_version\" value=\"5.8\" \/>\n<input type=\"hidden\" name=\"_wpcf7_locale\" value=\"en_US\" \/>\n<input type=\"hidden\" name=\"_wpcf7_unit_tag\" value=\"wpcf7-f203-o1\" \/>\n<input type=\"hidden\" name=\"_wpcf7_container_post\" value=\"0\" \/>\n<input type=\"hidden\" name=\"_wpcf7_posted_data_hash\" value=\"\" \/>\n<\/div>\n<div class=\"row\">\n\t<div class=\"col-xs-12\">\n\t\t<div class=\"form-group\">\n\t\t\t<p><span class=\"wpcf7-form-control-wrap\" data-name=\"your-name\"><input size=\"40\" class=\"wpcf7-form-control wpcf7-text wpcf7-validates-as-required form-control\" aria-required=\"true\" aria-invalid=\"false\" placeholder=\"Nombre\" value=\"\" type=\"text\" name=\"your-name\" \/><\/span>\n\t\t\t<\/p>\n\t\t<\/div>\n\t<\/div>\n<\/div>\n<div class=\"row\">\n\t<div class=\"col-xs-12\">\n\t\t<div class=\"form-group\">\n\t\t\t<p><span class=\"wpcf7-form-control-wrap\" data-name=\"your-email\"><input size=\"40\" class=\"wpcf7-form-control wpcf7-email wpcf7-validates-as-required wpcf7-text wpcf7-validates-as-email form-control\" aria-required=\"true\" aria-invalid=\"false\" placeholder=\"Email\" value=\"\" type=\"email\" name=\"your-email\" \/><\/span>\n\t\t\t<\/p>\n\t\t<\/div>\n\t<\/div>\n\t<div class=\"col-xs-12\">\n\t\t<div class=\"form-group\">\n\t\t\t<p><span class=\"wpcf7-form-control-wrap\" data-name=\"your-phone\"><input size=\"40\" class=\"wpcf7-form-control wpcf7-text wpcf7-validates-as-required form-control\" aria-required=\"true\" aria-invalid=\"false\" placeholder=\"Tel\u00e9fono\" value=\"\" type=\"text\" name=\"your-phone\" \/><\/span>\n\t\t\t<\/p>\n\t\t<\/div>\n\t<\/div>\n<\/div>\n<div class=\"form-group\">\n\t<p><span class=\"wpcf7-form-control-wrap\" data-name=\"your-message\"><textarea cols=\"40\" rows=\"10\" class=\"wpcf7-form-control wpcf7-textarea form-control\" aria-invalid=\"false\" placeholder=\"Mensaje\" name=\"your-message\"><\/textarea><\/span>\n\t<\/p>\n<\/div>\n<div class=\"wrapper-submit\">\n\t<p><input class=\"wpcf7-form-control wpcf7-submit has-spinner btn btn-theme radius-5x\" type=\"submit\" value=\"ENVIAR FORMULARIO\" \/>\n\t<\/p>\n<\/div><div class=\"wpcf7-response-output\" aria-hidden=\"true\"><\/div>\n<\/form>\n<\/div>\n<\/p>\t\t\t\t\t\t<\/div>\n\t\t\t\t<\/div>\n\t\t\t\t<\/div>\n\t\t\t\t\t<\/div>\n\t\t\t\t<\/div>\n\t\t<div class=\"elementor-element elementor-element-f937a34 e-flex e-con-boxed e-con e-parent\" data-id=\"f937a34\" data-element_type=\"container\" data-settings=\"{&quot;content_width&quot;:&quot;boxed&quot;}\" data-core-v316-plus=\"true\">\n\t\t\t\t\t<div class=\"e-con-inner\">\n\t\t<div class=\"elementor-element elementor-element-49f1e46 e-con-full e-flex e-con e-child\" data-id=\"49f1e46\" data-element_type=\"container\" data-settings=\"{&quot;content_width&quot;:&quot;full&quot;}\">\n\t\t\t\t<div class=\"elementor-element elementor-element-1c5bf8e elementor-widget elementor-widget-google_maps\" data-id=\"1c5bf8e\" data-element_type=\"widget\" data-widget_type=\"google_maps.default\">\n\t\t\t\t<div class=\"elementor-widget-container\">\n\t\t\t<style>\/*! elementor - v3.16.0 - 13-09-2023 *\/\n.elementor-widget-google_maps .elementor-widget-container{overflow:hidden}.elementor-widget-google_maps .elementor-custom-embed{line-height:0}.elementor-widget-google_maps iframe{height:300px}<\/style>\t\t<div class=\"elementor-custom-embed\">\n\t\t\t<iframe loading=\"lazy\"\n\t\t\t\t\tsrc=\"https:\/\/maps.google.com\/maps?q=local%2022%201109%2C%20La%20Marina%2C%20Vi%C3%B1a%20del%20Mar%2C%20Valpara%C3%ADso&#038;t=m&#038;z=10&#038;output=embed&#038;iwloc=near\"\n\t\t\t\t\ttitle=\"local 22 1109, La Marina, Vi\u00f1a del Mar, Valpara\u00edso\"\n\t\t\t\t\taria-label=\"local 22 1109, La Marina, Vi\u00f1a del Mar, Valpara\u00edso\"\n\t\t\t><\/iframe>\n\t\t<\/div>\n\t\t\t\t<\/div>\n\t\t\t\t<\/div>\n\t\t\t\t<\/div>\n\t\t<div class=\"elementor-element elementor-element-145a594 e-con-full e-flex e-con e-child\" data-id=\"145a594\" data-element_type=\"container\" data-settings=\"{&quot;content_width&quot;:&quot;full&quot;}\">\n\t\t\t\t<div class=\"elementor-element elementor-element-c92e5c3 elementor-align-center elementor-widget elementor-widget-button\" data-id=\"c92e5c3\" data-element_type=\"widget\" data-widget_type=\"button.default\">\n\t\t\t\t<div class=\"elementor-widget-container\">\n\t\t\t\t\t<div class=\"elementor-button-wrapper\">\n\t\t\t<a class=\"elementor-button elementor-button-link elementor-size-sm elementor-animation-shrink\" href=\"https:\/\/maps.app.goo.gl\/NdfDim7AWkfvVBnw5\" target=\"_blank\">\n\t\t\t\t\t\t<span class=\"elementor-button-content-wrapper\">\n\t\t\t\t\t\t<span class=\"elementor-button-text\">COMO LLEGAR <BR> GOOGLE MAPS<\/span>\n\t\t<\/span>\n\t\t\t\t\t<\/a>\n\t\t<\/div>\n\t\t\t\t<\/div>\n\t\t\t\t<\/div>\n\t\t\t\t<div class=\"elementor-element elementor-element-a30b0ef elementor-align-center elementor-widget elementor-widget-button\" data-id=\"a30b0ef\" data-element_type=\"widget\" data-widget_type=\"button.default\">\n\t\t\t\t<div class=\"elementor-widget-container\">\n\t\t\t\t\t<div class=\"elementor-button-wrapper\">\n\t\t\t<a class=\"elementor-button elementor-button-link elementor-size-sm elementor-animation-pulse\" href=\"https:\/\/api.whatsapp.com\/send?phone=56982031752&#038;text=Hola%20Espacio%20El\u00e9ctrico%20escribo%20porque%20me%20gustar\u00eda%20consultar%20sobre:\" target=\"_blank\">\n\t\t\t\t\t\t<span class=\"elementor-button-content-wrapper\">\n\t\t\t\t\t\t<span class=\"elementor-button-text\">CONTACTAR WHATSAPP<\/span>\n\t\t<\/span>\n\t\t\t\t\t<\/a>\n\t\t<\/div>\n\t\t\t\t<\/div>\n\t\t\t\t<\/div>\n\t\t\t\t<\/div>\n\t\t\t\t\t<\/div>\n\t\t\t\t<\/div>\n\t\t\t\t<section class=\"elementor-section elementor-top-section elementor-element elementor-element-c4d3e16 elementor-section-stretched elementor-section-boxed elementor-section-height-default elementor-section-height-default\" data-id=\"c4d3e16\" data-element_type=\"section\" data-settings=\"{&quot;stretch_section&quot;:&quot;section-stretched&quot;,&quot;background_background&quot;:&quot;classic&quot;}\">\n\t\t\t\t\t\t<div class=\"elementor-container elementor-column-gap-extended\">\n\t\t\t\t\t<div class=\"elementor-column elementor-col-100 elementor-top-column elementor-element elementor-element-3954352\" data-id=\"3954352\" data-element_type=\"column\">\n\t\t\t<div class=\"elementor-widget-wrap elementor-element-populated\">\n\t\t\t\t\t\t\t\t<section class=\"elementor-section elementor-inner-section elementor-element elementor-element-89c0820 elementor-section-boxed elementor-section-height-default elementor-section-height-default\" data-id=\"89c0820\" data-element_type=\"section\">\n\t\t\t\t\t\t<div class=\"elementor-container elementor-column-gap-extended\">\n\t\t\t\t\t<div class=\"elementor-column elementor-col-100 elementor-inner-column elementor-element elementor-element-3f112a5\" data-id=\"3f112a5\" data-element_type=\"column\">\n\t\t\t<div class=\"elementor-widget-wrap elementor-element-populated\">\n\t\t\t\t\t\t\t\t<div class=\"elementor-element elementor-element-cd9c466 elementor-widget elementor-widget-text-editor\" data-id=\"cd9c466\" data-element_type=\"widget\" data-widget_type=\"text-editor.default\">\n\t\t\t\t<div class=\"elementor-widget-container\">\n\t\t\t\t\t\t\t<div class=\"running anim-loop-right\"><div class=\"running_inner\" aria-hidden=\"true\"><div class=\"item white-space \"><p>Horario de Trabajo: <strong>LUNES A VIERNES 9.00AM A 18.00PM\u00a0 \/ <\/strong><strong>HORARIO ATENCI\u00d3N EN LOCAL: VENTA DE REPUESTOS DE 9:00AM A 17:00PM HORARIO CONTINUADO \/ <\/strong>Direcci\u00f3n: <strong>ARLEGUI #1109, LOCAL 22, VI\u00d1A DEL MAR \/ <\/strong><strong>TELEFONOS: <\/strong><strong>WHATSAPP +56982031752 &#8211; <\/strong><strong>TELEFONO FIJO \u00a032 2976383<\/strong><\/p><\/div><\/div><\/div>\t\t\t\t\t\t<\/div>\n\t\t\t\t<\/div>\n\t\t\t\t\t<\/div>\n\t\t<\/div>\n\t\t\t\t\t\t\t<\/div>\n\t\t<\/section>\n\t\t\t\t\t<\/div>\n\t\t<\/div>\n\t\t\t\t\t\t\t<\/div>\n\t\t<\/section>\n\t\t\t\t<section class=\"elementor-section elementor-top-section elementor-element elementor-element-f6504fe elementor-section-boxed elementor-section-height-default elementor-section-height-default\" data-id=\"f6504fe\" data-element_type=\"section\">\n\t\t\t\t\t\t<div class=\"elementor-container elementor-column-gap-default\">\n\t\t\t\t\t<div class=\"elementor-column elementor-col-50 elementor-top-column elementor-element elementor-element-21a23ef\" data-id=\"21a23ef\" data-element_type=\"column\">\n\t\t\t<div class=\"elementor-widget-wrap elementor-element-populated\">\n\t\t\t\t\t\t\t\t<div class=\"elementor-element elementor-element-48aa840 elementor-widget elementor-widget-heading\" data-id=\"48aa840\" data-element_type=\"widget\" data-widget_type=\"heading.default\">\n\t\t\t\t<div class=\"elementor-widget-container\">\n\t\t\t<h2 class=\"elementor-heading-title elementor-size-default\">CONSULTAR POR CATEGORIAS<\/h2>\t\t<\/div>\n\t\t\t\t<\/div>\n\t\t\t\t\t<\/div>\n\t\t<\/div>\n\t\t\t\t<div class=\"elementor-column elementor-col-50 elementor-top-column elementor-element elementor-element-4760172\" data-id=\"4760172\" data-element_type=\"column\">\n\t\t\t<div class=\"elementor-widget-wrap elementor-element-populated\">\n\t\t\t\t\t\t\t\t<div class=\"elementor-element elementor-element-96747ae elementor-widget elementor-widget-text-editor\" data-id=\"96747ae\" data-element_type=\"widget\" data-widget_type=\"text-editor.default\">\n\t\t\t\t<div class=\"elementor-widget-container\">\n\t\t\t\t\t\t\t<p>ver todos<\/p>\t\t\t\t\t\t<\/div>\n\t\t\t\t<\/div>\n\t\t\t\t\t<\/div>\n\t\t<\/div>\n\t\t\t\t\t\t\t<\/div>\n\t\t<\/section>\n\t\t\t\t<section class=\"elementor-section elementor-top-section elementor-element elementor-element-25ad994 elementor-section-stretched elementor-section-boxed elementor-section-height-default elementor-section-height-default\" data-id=\"25ad994\" data-element_type=\"section\" data-settings=\"{&quot;stretch_section&quot;:&quot;section-stretched&quot;}\">\n\t\t\t\t\t\t<div class=\"elementor-container elementor-column-gap-default\">\n\t\t\t\t\t<div class=\"elementor-column elementor-col-33 elementor-top-column elementor-element elementor-element-5f524b1\" data-id=\"5f524b1\" data-element_type=\"column\">\n\t\t\t<div class=\"elementor-widget-wrap elementor-element-populated\">\n\t\t\t\t\t\t\t\t<div class=\"elementor-element elementor-element-46a5887 elementor-widget elementor-widget-image\" data-id=\"46a5887\" data-element_type=\"widget\" data-widget_type=\"image.default\">\n\t\t\t\t<div class=\"elementor-widget-container\">\n\t\t\t<style>\/*! elementor - v3.16.0 - 13-09-2023 *\/\n.elementor-widget-image{text-align:center}.elementor-widget-image a{display:inline-block}.elementor-widget-image a img[src$=\".svg\"]{width:48px}.elementor-widget-image img{vertical-align:middle;display:inline-block}<\/style>\t\t\t\t\t\t\t\t\t\t\t\t\t<a href=\"https:\/\/api.whatsapp.com\/send?phone=56982031752&#038;text=Hola%20Espacio%20El\u00e9ctrico%20escribo%20porque%20me%20gustar\u00eda%20consultar%20sobre%20la%20instalaci\u00f3n%20de:\">\n\t\t\t\t\t\t\t<img decoding=\"async\" loading=\"lazy\" width=\"660\" height=\"511\" src=\"https:\/\/espacioelectricos.cl\/wp-content\/uploads\/2023\/10\/Instalaciones-de-Equipamientos-de-cocina.jpg\" class=\"attachment-large size-large wp-image-14047\" alt=\"\" srcset=\"https:\/\/espacioelectricos.cl\/wp-content\/uploads\/2023\/10\/Instalaciones-de-Equipamientos-de-cocina.jpg 1010w, https:\/\/espacioelectricos.cl\/wp-content\/uploads\/2023\/10\/Instalaciones-de-Equipamientos-de-cocina-300x232.jpg 300w, https:\/\/espacioelectricos.cl\/wp-content\/uploads\/2023\/10\/Instalaciones-de-Equipamientos-de-cocina-768x595.jpg 768w, https:\/\/espacioelectricos.cl\/wp-content\/uploads\/2023\/10\/Instalaciones-de-Equipamientos-de-cocina-600x465.jpg 600w\" sizes=\"(max-width: 660px) 100vw, 660px\" \/>\t\t\t\t\t\t\t\t<\/a>\n\t\t\t\t\t\t\t\t\t\t\t\t\t\t\t<\/div>\n\t\t\t\t<\/div>\n\t\t\t\t\t<\/div>\n\t\t<\/div>\n\t\t\t\t<div class=\"elementor-column elementor-col-33 elementor-top-column elementor-element elementor-element-9407bd1\" data-id=\"9407bd1\" data-element_type=\"column\">\n\t\t\t<div class=\"elementor-widget-wrap elementor-element-populated\">\n\t\t\t\t\t\t\t\t<div class=\"elementor-element elementor-element-08e8bbb elementor-widget elementor-widget-image\" data-id=\"08e8bbb\" data-element_type=\"widget\" data-widget_type=\"image.default\">\n\t\t\t\t<div class=\"elementor-widget-container\">\n\t\t\t\t\t\t\t\t\t\t\t\t\t\t\t\t<a href=\"https:\/\/api.whatsapp.com\/send?phone=56982031752&#038;text=Hola%20Espacio%20El\u00e9ctrico%20escribo%20porque%20me%20gustar\u00eda%20consultar%20sobre%20un%20repuesto%20de:\">\n\t\t\t\t\t\t\t<img decoding=\"async\" loading=\"lazy\" width=\"660\" height=\"511\" src=\"https:\/\/espacioelectricos.cl\/wp-content\/uploads\/2023\/10\/Venta-de-Repuestos-Teka-Vina-del-Mar.jpg\" class=\"attachment-large size-large wp-image-14049\" alt=\"\" srcset=\"https:\/\/espacioelectricos.cl\/wp-content\/uploads\/2023\/10\/Venta-de-Repuestos-Teka-Vina-del-Mar.jpg 1011w, https:\/\/espacioelectricos.cl\/wp-content\/uploads\/2023\/10\/Venta-de-Repuestos-Teka-Vina-del-Mar-300x232.jpg 300w, https:\/\/espacioelectricos.cl\/wp-content\/uploads\/2023\/10\/Venta-de-Repuestos-Teka-Vina-del-Mar-768x594.jpg 768w, https:\/\/espacioelectricos.cl\/wp-content\/uploads\/2023\/10\/Venta-de-Repuestos-Teka-Vina-del-Mar-600x464.jpg 600w\" sizes=\"(max-width: 660px) 100vw, 660px\" \/>\t\t\t\t\t\t\t\t<\/a>\n\t\t\t\t\t\t\t\t\t\t\t\t\t\t\t<\/div>\n\t\t\t\t<\/div>\n\t\t\t\t\t<\/div>\n\t\t<\/div>\n\t\t\t\t<div class=\"elementor-column elementor-col-33 elementor-top-column elementor-element elementor-element-8a61bc2\" data-id=\"8a61bc2\" data-element_type=\"column\">\n\t\t\t<div class=\"elementor-widget-wrap elementor-element-populated\">\n\t\t\t\t\t\t\t\t<div class=\"elementor-element elementor-element-63eb9dc elementor-widget elementor-widget-image\" data-id=\"63eb9dc\" data-element_type=\"widget\" data-widget_type=\"image.default\">\n\t\t\t\t<div class=\"elementor-widget-container\">\n\t\t\t\t\t\t\t\t\t\t\t\t\t\t\t\t<a href=\"https:\/\/api.whatsapp.com\/send?phone=56982031752&#038;text=Hola%20Espacio%20El\u00e9ctrico%20escribo%20porque%20me%20gustar\u00eda%20consultar%20sobre%20la%20reparaci\u00f3n%20de%20un%20equipo:\">\n\t\t\t\t\t\t\t<img decoding=\"async\" loading=\"lazy\" width=\"660\" height=\"511\" src=\"https:\/\/espacioelectricos.cl\/wp-content\/uploads\/2023\/10\/Reparacion-de-Equipamientos-de-cocina.jpg\" class=\"attachment-large size-large wp-image-14048\" alt=\"\" srcset=\"https:\/\/espacioelectricos.cl\/wp-content\/uploads\/2023\/10\/Reparacion-de-Equipamientos-de-cocina.jpg 1011w, https:\/\/espacioelectricos.cl\/wp-content\/uploads\/2023\/10\/Reparacion-de-Equipamientos-de-cocina-300x232.jpg 300w, https:\/\/espacioelectricos.cl\/wp-content\/uploads\/2023\/10\/Reparacion-de-Equipamientos-de-cocina-768x594.jpg 768w, https:\/\/espacioelectricos.cl\/wp-content\/uploads\/2023\/10\/Reparacion-de-Equipamientos-de-cocina-600x464.jpg 600w\" sizes=\"(max-width: 660px) 100vw, 660px\" \/>\t\t\t\t\t\t\t\t<\/a>\n\t\t\t\t\t\t\t\t\t\t\t\t\t\t\t<\/div>\n\t\t\t\t<\/div>\n\t\t\t\t\t<\/div>\n\t\t<\/div>\n\t\t\t\t\t\t\t<\/div>\n\t\t<\/section>\n\t\t\t\t\t\t\t<\/div>\n\t\t","protected":false},"excerpt":{"rendered":"<p>CONTACTANOS PARA SOLICITAR CUALQUIERA DE NUESTROS SERVICIOS DIRECCI\u00d3N: ArleguiI # 1109, Galer\u00eda Mercado Plaza, Primer Piso, Local 22, Vi\u00f1a del Mar &#8211; Chile. Horario de Atenci\u00f3n: Lunes a Viernes 9:00am a 18:00Hrs. Horario Oficina: Lunes a Viernes 9:00am a 17:00Hrs Whatsapp: +56 9 8203 1752 Horario Oficina: Lunes a Viernes 9:00am a 17:00Hrs COMO LLEGAR &hellip; <br \/><a href=\"https:\/\/espacioelectricos.cl\/?page_id=14220\" class=\"more-link\">Continue reading <span class=\"screen-reader-text\">Contactanos<\/span><\/a><\/p>\n","protected":false},"author":1,"featured_media":0,"parent":0,"menu_order":0,"comment_status":"closed","ping_status":"closed","template":"","meta":{"footnotes":""},"_links":{"self":[{"href":"https:\/\/espacioelectricos.cl\/index.php?rest_route=\/wp\/v2\/pages\/14220"}],"collection":[{"href":"https:\/\/espacioelectricos.cl\/index.php?rest_route=\/wp\/v2\/pages"}],"about":[{"href":"https:\/\/espacioelectricos.cl\/index.php?rest_route=\/wp\/v2\/types\/page"}],"author":[{"embeddable":true,"href":"https:\/\/espacioelectricos.cl\/index.php?rest_route=\/wp\/v2\/users\/1"}],"replies":[{"embeddable":true,"href":"https:\/\/espacioelectricos.cl\/index.php?rest_route=%2Fwp%2Fv2%2Fcomments&post=14220"}],"version-history":[{"count":4,"href":"https:\/\/espacioelectricos.cl\/index.php?rest_route=\/wp\/v2\/pages\/14220\/revisions"}],"predecessor-version":[{"id":14231,"href":"https:\/\/espacioelectricos.cl\/index.php?rest_route=\/wp\/v2\/pages\/14220\/revisions\/14231"}],"wp:attachment":[{"href":"https:\/\/espacioelectricos.cl\/index.php?rest_route=%2Fwp%2Fv2%2Fmedia&parent=14220"}],"curies":[{"name":"wp","href":"https:\/\/api.w.org\/{rel}","templated":true}]}}