{"id":13273,"date":"2022-04-30T07:27:44","date_gmt":"2022-04-30T11:27:44","guid":{"rendered":"http:\/\/localhost\/wp\/elecgreen\/index.php\/my-account\/"},"modified":"2024-07-26T06:43:12","modified_gmt":"2024-07-26T10:43:12","slug":"my-account-2-2","status":"publish","type":"page","link":"https:\/\/espacioelectricos.cl\/?page_id=13273","title":{"rendered":"My account"},"content":{"rendered":"<div class=\"woocommerce\"><div class=\"woocommerce-notices-wrapper\"><\/div><div class=\"user\">\n\n\t<div id=\"customer_login\" class=\"register_login_wrapper active\">\n\t\t<h2 class=\"title\">Inicio de sesi\u00f3n<\/h2>\n\t\t<form method=\"post\" class=\"login\" role=\"form\">\n\n\t\t\t\n\t\t\t<p class=\"form-group form-row form-row-wide\">\n\t\t\t\t<label for=\"username\">Nombre de usuario o direcci\u00f3n de correo electr\u00f3nico <span class=\"required\">*<\/span><\/label>\n\t\t\t\t<input type=\"text\" class=\"  form-control\" name=\"username\" id=\"username\" value=\"\" \/>\n\t\t\t<\/p>\n\t\t\t<p class=\"form-group form-row form-row-wide\">\n\t\t\t\t<label for=\"password\">Contrase\u00f1a <span class=\"required\">*<\/span><\/label>\n\t\t\t\t<input class=\"  form-control\" type=\"password\" name=\"password\" id=\"password\" \/>\n\t\t\t<\/p>\n\n\t\t\t\n\t\t\t<div class=\"form-group form-row\">\n\t\t\t\t<input type=\"hidden\" id=\"woocommerce-login-nonce\" name=\"woocommerce-login-nonce\" value=\"ba1a32ea31\" \/><input type=\"hidden\" name=\"_wp_http_referer\" value=\"\/index.php?rest_route=%2Fwp%2Fv2%2Fpages%2F13273\" \/>\t\t\t\t<div class=\"form-group clearfix\">\n\t\t\t\t\t<span class=\"inline pull-left\">\n\t\t\t\t\t\t<input name=\"rememberme\" type=\"checkbox\" id=\"rememberme\" value=\"forever\" \/> Acu\u00e9rdate de m\u00ed\t\t\t\t\t<\/span>\n\t\t\t\t\t<span class=\"lost_password pull-right\">\n\t\t\t\t\t\t<a href=\"https:\/\/espacioelectricos.cl\/?page_id=13273&#038;lost-password\">Perdido tu contrase\u00f1a?<\/a>\n\t\t\t\t\t<\/span>\n\t\t\t\t<\/div>\n\t\t\t\t<input type=\"submit\" class=\"btn btn-theme btn-block\" name=\"login\" value=\"signo en\" \/>\n\t\t\t<\/div>\n\n\t\t\t\n\t\t<\/form>\n\n\t\t\t\t\t<div class=\"create text-center\">\n\t\t\t\t<a class=\"creat-account register-login-action\" href=\"#customer_register\">O Crear una cuenta<\/a>\n\t\t\t<\/div>\n\t\t\n\t<\/div>\n\n\n\t<div id=\"customer_register\" class=\"content-register register_login_wrapper \">\n\n\t\t<h2 class=\"title\">Registro<\/h2>\n\t\t<form method=\"post\" class=\"register widget\"  >\n\n\t\t\t\n\t\t\t\n\t\t\t<p class=\"form-group form-row form-row-wide\">\n\t\t\t\t<label for=\"reg_email\">Direcci\u00f3n de correo electr\u00f3nico <span class=\"required\">*<\/span><\/label>\n\t\t\t\t<input type=\"email\" class=\"  form-control\" name=\"email\" id=\"reg_email\" value=\"\" \/>\n\t\t\t<\/p>\n\n\t\t\t\n\t\t\t\t<p>Una contrase\u00f1a le ser\u00e1 enviada a su direcci\u00f3n de correo electr\u00f3nico.<\/p>\n\n\t\t\t\n\n\t\t\t<div class=\"woocommerce-privacy-policy-text\"><p>Your personal data will be used to support your experience throughout this website, to manage access to your account, and for other purposes described in our <a href=\"https:\/\/espacioelectricos.cl\/?page_id=3\" class=\"woocommerce-privacy-policy-link\" target=\"_blank\">pol\u00edtica de privacidad<\/a>.<\/p>\n<\/div>\n\t\t\t<p class=\"form-group form-row wrapper-submit\">\n\t\t\t\t<input type=\"hidden\" id=\"woocommerce-register-nonce\" name=\"woocommerce-register-nonce\" value=\"1cb1c81ee5\" \/><input type=\"hidden\" name=\"_wp_http_referer\" value=\"\/index.php?rest_route=%2Fwp%2Fv2%2Fpages%2F13273\" \/>\t\t\t\t<button type=\"submit\" class=\"btn btn-theme btn-block\" name=\"register\" value=\"Registro\">Registro<\/button>\n\t\t\t<\/p>\n\n\t\t\t\n\t\t<\/form>\n\n\t\t<div class=\"create text-center\">\n\t\t\t<a class=\"login-account register-login-action\" href=\"#customer_login\">O DE INICIO DE SESI\u00d3N<\/a>\n\t\t<\/div>\n\n\t<\/div>\n\n<\/div>\n<\/div>\n","protected":false},"excerpt":{"rendered":"","protected":false},"author":1,"featured_media":0,"parent":0,"menu_order":0,"comment_status":"closed","ping_status":"closed","template":"","meta":{"footnotes":""},"_links":{"self":[{"href":"https:\/\/espacioelectricos.cl\/index.php?rest_route=\/wp\/v2\/pages\/13273"}],"collection":[{"href":"https:\/\/espacioelectricos.cl\/index.php?rest_route=\/wp\/v2\/pages"}],"about":[{"href":"https:\/\/espacioelectricos.cl\/index.php?rest_route=\/wp\/v2\/types\/page"}],"author":[{"embeddable":true,"href":"https:\/\/espacioelectricos.cl\/index.php?rest_route=\/wp\/v2\/users\/1"}],"replies":[{"embeddable":true,"href":"https:\/\/espacioelectricos.cl\/index.php?rest_route=%2Fwp%2Fv2%2Fcomments&post=13273"}],"version-history":[{"count":1,"href":"https:\/\/espacioelectricos.cl\/index.php?rest_route=\/wp\/v2\/pages\/13273\/revisions"}],"predecessor-version":[{"id":14314,"href":"https:\/\/espacioelectricos.cl\/index.php?rest_route=\/wp\/v2\/pages\/13273\/revisions\/14314"}],"wp:attachment":[{"href":"https:\/\/espacioelectricos.cl\/index.php?rest_route=%2Fwp%2Fv2%2Fmedia&parent=13273"}],"curies":[{"name":"wp","href":"https:\/\/api.w.org\/{rel}","templated":true}]}}